{"id":36,"date":"2011-01-22T00:34:31","date_gmt":"2011-01-21T23:34:31","guid":{"rendered":"http:\/\/berengi.de\/wpb\/"},"modified":"2018-06-08T23:27:59","modified_gmt":"2018-06-08T21:27:59","slug":"kontakt","status":"publish","type":"page","link":"https:\/\/www.berengi.de\/wpb\/kontakt\/","title":{"rendered":"Kontakt"},"content":{"rendered":"<p>Wenn du die im Kontaktformular eingegebenen Daten durch einen Klick auf den &#8222;Senden&#8220; Button \u00fcbermittelst, erkl\u00e4rst du dich damit einverstanden, dass wir deine Angaben f\u00fcr die Beantwortung deiner Anfrage bzw. Kontaktaufnahme verwenden.<\/p>\n<p>Eine Weitergabe an Dritte findet grunds\u00e4tzlich nicht statt, es sei denn geltende Datenschutzvorschriften rechtfertigen eine \u00dcbertragung oder wir dazu gesetzlich verpflichtet sind. Du kannst deine erteilte Einwilligung jederzeit mit Wirkung f\u00fcr die Zukunft widerrufen. Im Falle des Widerrufs werden deine Daten umgehend gel\u00f6scht. Deine Daten werden gel\u00f6scht, wenn wir deine Anfrage bearbeitet haben oder der Zweck der Speicherung entfallen ist. Du kannst dich jederzeit \u00fcber die zu deiner Person gespeicherten Daten informieren. Weitere Informationen zum Datenschutz findest du auch in der <a href=\"https:\/\/www.berengi.de\/wpb\/datenschutzerklaerung\/\">Datenschutzerkl\u00e4rung<\/a> dieser Webseite.<\/p>\n\n\n<!-- Fast Secure Contact Form plugin 4.0.52 - begin - FastSecureContactForm.com -->\r\n<div style=\"clear:both;\"><\/div>\n\r\n<div id=\"FSContact1\" style=\"width:375px;\">\r\n<form action=\"https:\/\/www.berengi.de\/wpb\/wp-json\/wp\/v2\/pages\/36#FSContact1\" id=\"fscf_form1\" method=\"post\">\r\n\n<div id=\"fscf_required1\">\n  <span style=\"text-align:left;margin-left:10px;\">*<\/span> <span style=\"text-align:left;\">Pflichtfeld<\/span>\n<\/div>\n\n\n<div id=\"fscf_div_clear1_0\" style=\"clear:both;\">\n  <div id=\"fscf_div_field1_0\" style=\"clear:left; float:left; width:99%; max-width:550px; margin-right:10px;\">\r\n    <div style=\"text-align:left; padding-top:5px;\">\n      <label style=\"text-align:left;\" for=\"fscf_name1\">Name:<span style=\"text-align:left;margin-left:10px;\">*<\/span><\/label>\n    <\/div>\r\n    <div style=\"text-align:left;\">\r\n      <input style=\"text-align:left; margin:0; padding-left: 3px; padding-right: 3px; padding-top: 3px; padding-bottom: 3px; color: #000000; width: 500px; max-width:500px; -moz-border-radius: 3px; -webkit-border-radius: 3px; border-radius: 3px; border: 1px solid #ccc;\" type=\"text\" id=\"fscf_name1\" name=\"full_name\" value=\"\"  readonly=\"readonly\" \/>\r\n    <\/div>\r\n  <\/div>\n<\/div>\n\n<div id=\"fscf_div_clear1_1\" style=\"clear:both;\">\n  <div id=\"fscf_div_field1_1\" style=\"clear:left; float:left; width:99%; max-width:550px; margin-right:10px;\">\n    <div style=\"text-align:left; padding-top:5px;\">\n      <label style=\"text-align:left;\" for=\"fscf_email1\">Email:<span style=\"text-align:left;margin-left:10px;\">*<\/span><\/label>\n    <\/div>\n    <div style=\"text-align:left;\">\n      <input style=\"text-align:left; margin:0; padding-left: 3px; padding-right: 3px; padding-top: 3px; padding-bottom: 3px; color: #000000; width: 500px; max-width:500px; -moz-border-radius: 3px; -webkit-border-radius: 3px; border-radius: 3px; border: 1px solid #ccc;\" type=\"text\" id=\"fscf_email1\" name=\"email\" value=\"\"  readonly=\"readonly\" \/>\n    <\/div>\n  <\/div>\n<\/div>\n\n<div id=\"fscf_div_clear1_2\" style=\"clear:both;\">\n  <div id=\"fscf_div_field1_2\" style=\"clear:left; float:left; width:99%; max-width:550px; margin-right:10px;\">\n    <div style=\"text-align:left; padding-top:5px;\">\n      <label style=\"text-align:left;\" for=\"fscf_field1_2\">Betreff:<span style=\"text-align:left;margin-left:10px;\">*<\/span><\/label>\n    <\/div>\n    <div style=\"text-align:left;\">\n      <input style=\"text-align:left; margin:0; padding-left: 3px; padding-right: 3px; padding-top: 3px; padding-bottom: 3px; color: #000000; width: 500px; max-width:500px; -moz-border-radius: 3px; -webkit-border-radius: 3px; border-radius: 3px; border: 1px solid #ccc;\" type=\"text\" id=\"fscf_field1_2\" name=\"subject\" value=\"\"  \/>\n    <\/div>\n  <\/div>\n<\/div>\n\n<div id=\"fscf_div_clear1_3\" style=\"clear:both;\">\n  <div id=\"fscf_div_field1_3\" style=\"clear:left; float:left; width:99%; max-width:550px; margin-right:10px;\">\n    <div style=\"text-align:left; padding-top:5px;\">\n      <label style=\"text-align:left;\" for=\"fscf_field1_3\">Nachricht:<span style=\"text-align:left;margin-left:10px;\">*<\/span><\/label>\n    <\/div>\n    <div style=\"text-align:left;\">\n      <textarea style=\"text-align:left; margin:0; width: 500px; max-width:500px; height:320px;\" id=\"fscf_field1_3\" name=\"message\" cols=\"30\" rows=\"10\" ><\/textarea>\n    <\/div>\n  <\/div>\n<\/div>\r\n<div style=\"clear:both;\"><\/div>\n\n<div id=\"fscf_submit_div1\" style=\"text-align:left; padding-top:10px;\">\r\n\t\t<input type=\"submit\" id=\"fscf_submit1\" style=\"cursor:pointer; margin:0;\" value=\"Senden\"  onclick=\"this.disabled=true; this.value='Submitting...'; this.form.submit();\" \/> \n<\/div>\n\n<input type=\"hidden\" name=\"fscf_submitted\" value=\"0\" \/>\n<input type=\"hidden\" name=\"fs_postonce_1\" value=\"88c5b8b55cebb1d7153ad1105efb499e,1777738638\" \/>\n<input type=\"hidden\" name=\"si_contact_action\" value=\"send\" \/>\n<input type=\"hidden\" name=\"form_id\" value=\"1\" \/>\n<input type=\"hidden\" name=\"mailto_id\" value=\"1\" \/>\n\n<\/form>\n<\/div>\r\n<div style=\"clear:both;\"><\/div>\n\n<!-- Fast Secure Contact Form plugin 4.0.52 - end - FastSecureContactForm.com -->\n\n<p style=\"margin-top: 30px;\">Die Website ist seit dem 20.10.1997 online. <strong>Sie ist rein privat, ohne jegliche gewerbliche Hintergr\u00fcnde oder Absichten.<\/strong><\/p>\n","protected":false},"excerpt":{"rendered":"<p>Wenn du die im Kontaktformular eingegebenen Daten durch einen Klick auf den &#8222;Senden&#8220; Button \u00fcbermittelst, erkl\u00e4rst du dich damit einverstanden, dass wir deine Angaben f\u00fcr die Beantwortung deiner Anfrage bzw. Kontaktaufnahme verwenden. Eine Weitergabe an Dritte findet grunds\u00e4tzlich nicht statt, es sei denn geltende Datenschutzvorschriften rechtfertigen eine \u00dcbertragung oder wir dazu gesetzlich verpflichtet sind. Du [&hellip;]<\/p>\n","protected":false},"author":1,"featured_media":0,"parent":0,"menu_order":0,"comment_status":"closed","ping_status":"closed","template":"","meta":{"footnotes":""},"class_list":["post-36","page","type-page","status-publish","hentry"],"_links":{"self":[{"href":"https:\/\/www.berengi.de\/wpb\/wp-json\/wp\/v2\/pages\/36","targetHints":{"allow":["GET"]}}],"collection":[{"href":"https:\/\/www.berengi.de\/wpb\/wp-json\/wp\/v2\/pages"}],"about":[{"href":"https:\/\/www.berengi.de\/wpb\/wp-json\/wp\/v2\/types\/page"}],"author":[{"embeddable":true,"href":"https:\/\/www.berengi.de\/wpb\/wp-json\/wp\/v2\/users\/1"}],"replies":[{"embeddable":true,"href":"https:\/\/www.berengi.de\/wpb\/wp-json\/wp\/v2\/comments?post=36"}],"version-history":[{"count":0,"href":"https:\/\/www.berengi.de\/wpb\/wp-json\/wp\/v2\/pages\/36\/revisions"}],"wp:attachment":[{"href":"https:\/\/www.berengi.de\/wpb\/wp-json\/wp\/v2\/media?parent=36"}],"curies":[{"name":"wp","href":"https:\/\/api.w.org\/{rel}","templated":true}]}}